{"id":1791,"date":"2025-02-03T08:00:39","date_gmt":"2025-02-03T08:00:39","guid":{"rendered":"https:\/\/clusterdem.ubi.pt\/?page_id=1791"},"modified":"2025-02-03T09:44:41","modified_gmt":"2025-02-03T09:44:41","slug":"proceedings-of-national-conferences","status":"publish","type":"page","link":"https:\/\/clusterdem.ubi.pt\/?page_id=1791","title":{"rendered":"Proceedings of National Conferences"},"content":{"rendered":"\t\t<div data-elementor-type=\"wp-page\" data-elementor-id=\"1791\" class=\"elementor elementor-1791\">\n\t\t\t\t\t\t\t\t\t<section class=\"has_eae_slider elementor-section elementor-top-section elementor-element elementor-element-f40f527 elementor-section-boxed elementor-section-height-default elementor-section-height-default\" data-id=\"f40f527\" data-element_type=\"section\">\n\t\t\t\t\t\t<div class=\"elementor-container elementor-column-gap-default\">\n\t\t\t\t\t<div class=\"has_eae_slider elementor-column elementor-col-100 elementor-top-column elementor-element elementor-element-e6214d5\" data-id=\"e6214d5\" data-element_type=\"column\">\n\t\t\t<div class=\"elementor-widget-wrap elementor-element-populated\">\n\t\t\t\t\t\t\t\t<div class=\"elementor-element elementor-element-cfd3ee6 elementor-widget elementor-widget-text-editor\" data-id=\"cfd3ee6\" data-element_type=\"widget\" data-widget_type=\"text-editor.default\">\n\t\t\t\t<div class=\"elementor-widget-container\">\n\t\t\t\t\t\t\t<p style=\"font-weight: 400;\">DATABASE:<script type=\"text\/javascript\" src=\"\/\/cdn.plu.mx\/widget-details.js\"><\/script><\/p>\n\n<p style=\"font-weight: 400;\"><strong>\n<a name=\"_Toc452327661\"><\/a>\nProceedings of National Conferences (16) <\/strong><\/p>\n\n<p (N-16)\u00a0Abdollahzadeh M., P\u00e1scoa J.C., Oliveira P.J. (2012), \u201cNumerical Modeling of Boundary Layer Control Using Dielectric Barrier Discharge\u201d, in Proc.\u00a0Confer\u00eancia Nacional em Mec\u00e2nica dos Fluidos, Termodin\u00e2mica e Energia - MEFTE 2012,\u00a0Paper N\u00ba 61, pp. 1-10.<\/p>\n\n<p <strong>(N-15)<\/strong>\u00a0Oliveira R., P\u00e1scoa A., Silvestre M. (2012), \u201cPreliminary assessment of transitional flow modeling using low-Re turbulence closures\u201d, in Proc.\u00a0Confer\u00eancia Nacional em Mec\u00e2nica dos Fluidos, Termodin\u00e2mica e Energia &#8211; MEFTE 2012,\u00a0Paper N\u00ba 59, pp. 1-10.<\/p>\n\n<strong>(N-14)<\/strong>\u00a0Ilieva G., P\u00e1scoa A., Dumas A.\u00a0Trancossi M. (2012), \u201cNumerical analysis of aerodynamic performance and propulsion needs for an innovative airship\u201d, in Proc.\u00a0Confer\u00eancia Nacional em Mec\u00e2nica dos Fluidos, Termodin\u00e2mica e Energia &#8211; MEFTE 2012,\u00a0Paper N\u00ba 57, pp. 1-10.<\/p>\n\n<strong>(N-13)<\/strong>\u00a0Silvestre M.,\u00a0\u00a0Morgado J., P\u00e1scoa J. (2012), \u201cParametric Study of a High Altitude Airship According to the Multi-Body Concept for Advanced Airship Transport &#8211; MAAT\u201d, in Proc.\u00a0Confer\u00eancia Nacional em Mec\u00e2nica dos Fluidos, Termodin\u00e2mica e Energia &#8211; MEFTE 2012,\u00a0Paper N\u00ba 90, pp. 1-10.<\/p>\n\n<strong>(N-12)<\/strong>\u00a0Xisto C.M., P\u00e1scoa J.C., Oliveira P.J. (2012), \u201cPreliminary assessment of a new algorithm for the MHD equations at all Mach number regimes\u201d, in Proc.\u00a0Confer\u00eancia Nacional em Mec\u00e2nica dos Fluidos, Termodin\u00e2mica e Energia &#8211; MEFTE 2012,\u00a0Paper N\u00ba 12, pp. 1-10.<\/p>\n\n<strong>(N-11)<\/strong>\u00a0Monteiro P., P\u00e1scoa J. C.,\u00a0Br\u00f3jo F., Andr\u00e9 J., Monteiro J, (2009), &#8220;A wind turbine system for battery charging&#8221;, Proc. Confer\u00eancia Engenharia&#8217;2009,\u00a0Paper ENG-09-20.4, 6\u00a0pgs, Universidade da Beira Interior, Portugal.\n<strong>(N-10)<\/p>\n\n<\/strong>\u00a0Oliveira M. C., P\u00e1scoa J. C., (2009), &#8220;Experimental set-up to analyze the flow on Tesla pumps for MEMS applications&#8221;, Proc.\u00a0Confer\u00eancia Engenharia&#8217;2009,\u00a0Paper ENG-09-20.2, 6\u00a0pgs, Universidade da Beira Interior, Portugal.<\/p>\n\n<strong>(N-9)<\/strong>\u00a0Xisto C. M., P\u00e1scoa J. C.,\u00a0Goettlich E., (2009), &#8220;Computational modeling of secondary flows in single blade rows and performance assessment in 3D turbine stages computations using wall functions&#8221;, Proc.\u00a0Confer\u00eancia Engenharia&#8217;2009,\u00a0Paper ENG-09-24.1, 5pgs, Universidade da Beira Interior, Portugal.<\/p>\n\n<strong>(N-8)<\/strong>\u00a0Oliveira M. C., P\u00e1scoa J. C., (2009), &#8220;Analytical and experimental modeling of a viscous disc pump for\u00a0\u00a0MEMS applications&#8221;, Proc.\u00a0III Confer\u00eancia nacional em mec\u00e2nica de fluidos, termodin\u00e2mica e energia, Associa\u00e7\u00e3o Portuguesa de Mec\u00e2nica Te\u00f3rica Aplicada e Computacional, 6\u00a0pgs, Instituto Polit\u00e9cnico de Bragan\u00e7a.<\/p>\n\n\n<strong>(N-7)<\/strong>\u00a0Xisto C. M., P\u00e1scoa J. C., (2009), &#8220;Limitations of performance assessment in 3D turbine stage computations using wall functions with high and low-Re turbulence models&#8221;, Proc.\u00a0III Confer\u00eancia nacional em mec\u00e2nica de fluidos, termodin\u00e2mica e energia, Associa\u00e7\u00e3o Portuguesa de Mec\u00e2nica Te\u00f3rica Aplicada e Computacional, 6\u00a0pgs, Instituto Polit\u00e9cnico de Bragan\u00e7a.<\/p>\n\n<strong>(N-6)\u00a0<\/strong>P\u00e1scoa J. C., Mendes A. C., (2005), \u201cUm Modelo Num\u00e9rico para a Caracteriza\u00e7\u00e3o do Escoamento\u00a0Tri-Dimensional em Turbom\u00e1quinas\u201d, Artigo ENG-05-18.1, Congresso Engenharia\u20192005 \u2013 Inova\u00e7\u00e3o e Desenvolvimento, 6\u00a0pgs., Universidade da Beira Interior.<\/p>\n\n<strong>(N-5)<\/strong>\u00a0P\u00e1scoa J. C., Mendes A. C., Gato L. C., (2003), \u201cUnicidade e Exist\u00eancia de Solu\u00e7\u00e3o para uma Formula\u00e7\u00e3o Inversa de\u00a0Projecto Aerodin\u00e2mico de Cascatas de P\u00e1s de Turbom\u00e1quinas em Regime Trans\u00f3nico\u201d, Artigo ENG-03-02-04, Congresso Engenharia\u20192003 \u2013 Inova\u00e7\u00e3o e Desenvolvimento, 6\u00a0pgs., Universidade da Beira Interior.<\/p>\n\n<strong>(N-4)<\/strong>\u00a0P\u00e1scoa J. C., Luff J. K.,\u00a0McGuirk J. J., Mendes A. C., (2003), \u201cApplication of the Rolls-Royce Hydra CFD Code to the Analysis of a Benchmark Test Case for Flow Around Turbomachinery Blades\u201d, Proc.\u00a0VII Congresso de Mec\u00e2nica Aplicada e Computacional, pp 1041-1050, Universidade de \u00c9vora.<\/p>\n\n<strong>(N-3)<\/strong>\u00a0P\u00e1scoa J. C., Mendes A. C., Gato L. C., (2001), \u201cDesenvolvimento e Valida\u00e7\u00e3o de um Algoritmo para o C\u00e1lculo do Escoamento Compress\u00edvel Trans\u00f3nico em Cascatas de P\u00e1s de Turbom\u00e1quinas\u201d, Congresso Engenharia\u20192001-Inova\u00e7\u00e3o e Desenvolvimento, pp. 55-61, Universidade da Beira Interior.<\/p>\n\n<strong>(N-2)<\/strong>\u00a0P\u00e1scoa J. C., Mendes A. C., (1999), &#8220;Desenvolvimento de um Sistema de Controlo e Aquisi\u00e7\u00e3o de Dados para uma\u00a0Scanivalve e Aplica\u00e7\u00e3o ao Estudo das Caracter\u00edsticas de um Ventilador Axial&#8221;, Proc. Semin\u00e1rio de Engenharia\u00a0Electromec\u00e2nica &#8211; Novos Temas de Investiga\u00e7\u00e3o, pp. 75-81, Universidade da Beira Interior.<\/p>\n\n<strong>(N-1)<\/strong>\u00a0P\u00e1scoa J. C., Mendes A. C., (1997), \u201cDetermina\u00e7\u00e3o Num\u00e9rica e Valida\u00e7\u00e3o Experimental dos Coeficientes Aerodin\u00e2micos em Torno de um Perfil Sim\u00e9trico a Baixo N\u00famero de Reynolds\u201d, Proc. V Encontro Nacional de Mec\u00e2nica Computacional, p. 863-871, Universidade do Minho, 1997.\t\t\t\t\t\t<\/div>\n\t\t\t\t<\/div>\n\t\t\t\t\t<\/div>\n\t\t<\/div>\n\t\t\t\t\t\t\t<\/div>\n\t\t<\/section>\n\t\t\t\t\t\t\t<\/div>\n\t\t","protected":false},"excerpt":{"rendered":"<p>DATABASE: Proceedings of National Conferences (16)<\/p>\n","protected":false},"author":3,"featured_media":0,"parent":0,"menu_order":0,"comment_status":"closed","ping_status":"closed","template":"","meta":[],"_links":{"self":[{"href":"https:\/\/clusterdem.ubi.pt\/index.php?rest_route=\/wp\/v2\/pages\/1791"}],"collection":[{"href":"https:\/\/clusterdem.ubi.pt\/index.php?rest_route=\/wp\/v2\/pages"}],"about":[{"href":"https:\/\/clusterdem.ubi.pt\/index.php?rest_route=\/wp\/v2\/types\/page"}],"author":[{"embeddable":true,"href":"https:\/\/clusterdem.ubi.pt\/index.php?rest_route=\/wp\/v2\/users\/3"}],"replies":[{"embeddable":true,"href":"https:\/\/clusterdem.ubi.pt\/index.php?rest_route=%2Fwp%2Fv2%2Fcomments&post=1791"}],"version-history":[{"count":13,"href":"https:\/\/clusterdem.ubi.pt\/index.php?rest_route=\/wp\/v2\/pages\/1791\/revisions"}],"predecessor-version":[{"id":1811,"href":"https:\/\/clusterdem.ubi.pt\/index.php?rest_route=\/wp\/v2\/pages\/1791\/revisions\/1811"}],"wp:attachment":[{"href":"https:\/\/clusterdem.ubi.pt\/index.php?rest_route=%2Fwp%2Fv2%2Fmedia&parent=1791"}],"curies":[{"name":"wp","href":"https:\/\/api.w.org\/{rel}","templated":true}]}}