{"id":2702,"date":"2025-02-26T14:24:31","date_gmt":"2025-02-26T14:24:31","guid":{"rendered":"https:\/\/clusterdem.ubi.pt\/?page_id=2702"},"modified":"2025-03-02T15:42:05","modified_gmt":"2025-03-02T15:42:05","slug":"theses-and-dissertations","status":"publish","type":"page","link":"https:\/\/clusterdem.ubi.pt\/?page_id=2702","title":{"rendered":"Theses and Dissertations"},"content":{"rendered":"<h2 data-start=\"149\" data-end=\"168\"><strong data-start=\"152\" data-end=\"166\">PhD Theses<\/strong><\/h2>\n<ol data-start=\"170\" data-end=\"2313\">\n<li data-start=\"170\" data-end=\"445\">\n<p data-start=\"173\" data-end=\"445\"><strong data-start=\"173\" data-end=\"194\">Kateryna Shvydyuk<\/strong><br data-start=\"194\" data-end=\"197\"><em data-start=\"200\" data-end=\"381\">Self-Sensing and Self-Healing Ceramic Composites Using Functionally Graded Materials and Additive Manufacturing Technologies for Thermal Barrier Coatings in Aerospace Applications<\/em><br data-start=\"381\" data-end=\"384\"><em data-start=\"387\" data-end=\"396\">Status:<\/em> Ongoing | <em data-start=\"407\" data-end=\"443\">Funded by FCT (Ref: 2024.00387.BD)<\/em><\/p>\n<\/li>\n<li data-start=\"170\" data-end=\"445\">\n<p data-start=\"173\" data-end=\"445\"><strong data-start=\"173\" data-end=\"194\">Fatemeh Bagherighajari<\/strong><br data-start=\"194\" data-end=\"197\"><em data-start=\"200\" data-end=\"381\"> Non-equilibrium plasma enhanced flame stabilization for high efficiency low emission combustion<\/em><br data-start=\"381\" data-end=\"384\"><em data-start=\"387\" data-end=\"396\">Status:<\/em> Ongoing | <em data-start=\"407\" data-end=\"443\">Funded by FCT (Ref: 2022.09877.BD)<\/em><\/p>\n<\/li>\n<li data-start=\"170\" data-end=\"445\">\n<p data-start=\"173\" data-end=\"445\"><strong data-start=\"173\" data-end=\"194\">Miguel Moreira<\/strong><br data-start=\"194\" data-end=\"197\"><em data-start=\"200\" data-end=\"381\">&#8230;&#8230;.<\/em><br data-start=\"381\" data-end=\"384\"><em data-start=\"387\" data-end=\"396\">Status:<\/em> Ongoing<\/p>\n<\/li>\n<li data-start=\"170\" data-end=\"445\">\n<p data-start=\"173\" data-end=\"445\"><strong data-start=\"173\" data-end=\"194\">Odelma Teixira<\/strong><br data-start=\"194\" data-end=\"197\"><em data-start=\"200\" data-end=\"381\">&#8230;&#8230;.<\/em><br data-start=\"381\" data-end=\"384\"><em data-start=\"387\" data-end=\"396\">Status:<\/em> Ongoing<\/p>\n<\/li>\n<li data-start=\"447\" data-end=\"599\">\n<p data-start=\"450\" data-end=\"599\"><strong data-start=\"450\" data-end=\"485\">S\u00edlvio Miguel Rodrigues C\u00e2ndido<\/strong><br data-start=\"485\" data-end=\"488\"><em data-start=\"491\" data-end=\"579\">Estudo da Atomiza\u00e7\u00e3o de Jatos Eletrohidrodin\u00e2micos: Modela\u00e7\u00e3o, Desempenho e Aplica\u00e7\u00f5es<\/em><br data-start=\"579\" data-end=\"582\"><em data-start=\"585\" data-end=\"592\">Year:<\/em> 2024| <em data-start=\"407\" data-end=\"443\">Funded by FCT (Ref: 2020.04517.BD)<\/em>| <a href=\"\/\/hdl.handle.net\/10400.6\/14426\" target=\"_new\" rel=\"noopener\" data-start=\"737\" data-end=\"785\">Full Text<\/a><\/p>\n<\/li>\n<li data-start=\"601\" data-end=\"787\">\n<p data-start=\"604\" data-end=\"787\"><strong data-start=\"604\" data-end=\"628\">Mohammad-Reza Pendar<\/strong><br data-start=\"628\" data-end=\"631\"><em data-start=\"634\" data-end=\"716\">Numerical Modelling of Complex Flows With Sprays Including Electrostatic Effects<\/em><br data-start=\"716\" data-end=\"719\"><em data-start=\"722\" data-end=\"729\">Year:<\/em> 2021 | <a href=\"http:\/\/hdl.handle.net\/10400.6\/12063\" target=\"_new\" rel=\"noopener\" data-start=\"737\" data-end=\"785\">Full Text<\/a><\/p>\n<\/li>\n<li data-start=\"789\" data-end=\"999\">\n<p data-start=\"792\" data-end=\"999\"><strong data-start=\"792\" data-end=\"815\">Mehdi Habibnia Rami<\/strong><br data-start=\"815\" data-end=\"818\"><em data-start=\"821\" data-end=\"928\">CFD Modelling of 3D Effects in Cycloidal Rotors: A Performance Analysis Assessment with Design Guidelines<\/em><br data-start=\"928\" data-end=\"931\"><em data-start=\"934\" data-end=\"941\">Year:<\/em> 2021 | <a href=\"http:\/\/hdl.handle.net\/10400.6\/12084\" target=\"_new\" rel=\"noopener\" data-start=\"949\" data-end=\"997\">Full Text<\/a><\/p>\n<\/li>\n<li data-start=\"1001\" data-end=\"1217\">\n<p data-start=\"1004\" data-end=\"1217\"><strong data-start=\"1004\" data-end=\"1041\">Frederico Miguel Freire Rodrigues<\/strong><br data-start=\"1041\" data-end=\"1044\"><em data-start=\"1047\" data-end=\"1147\">Modela\u00e7\u00e3o Experimental para Otimiza\u00e7\u00e3o de Atuadores a Plasma com Aplica\u00e7\u00f5es em Termofluidodin\u00e2mica<\/em><br data-start=\"1147\" data-end=\"1150\"><em data-start=\"1153\" data-end=\"1160\">Year:<\/em> 2019 | <em data-start=\"407\" data-end=\"443\">Funded by FCT (Ref: SFRH\/BD\/110529\/2015)<\/em>| <a href=\"http:\/\/hdl.handle.net\/10400.6\/7161\" target=\"_new\" rel=\"noopener\" data-start=\"1168\" data-end=\"1215\">Full Text<\/a><\/p>\n<\/li>\n<li data-start=\"1219\" data-end=\"1381\">\n<p data-start=\"1222\" data-end=\"1381\"><strong data-start=\"1222\" data-end=\"1255\">Jakson Augusto Leger Monteiro<\/strong><br data-start=\"1255\" data-end=\"1258\"><em data-start=\"1261\" data-end=\"1311\">Estudos sobre o Desempenho de Rotores Cicloidais<\/em><br data-start=\"1311\" data-end=\"1314\"><em data-start=\"1317\" data-end=\"1324\">Year:<\/em> 2017 | <a href=\"http:\/\/hdl.handle.net\/10400.6\/4758\" target=\"_new\" rel=\"noopener\" data-start=\"1332\" data-end=\"1379\">Full Text<\/a><\/p>\n<\/li>\n<li data-start=\"1383\" data-end=\"1610\">\n<p data-start=\"1386\" data-end=\"1610\"><strong data-start=\"1386\" data-end=\"1418\">Jo\u00e3o Paulo Salgueiro Morgado<\/strong><br data-start=\"1418\" data-end=\"1421\"><em data-start=\"1424\" data-end=\"1540\">Desenvolvimento de uma Ferramenta Computacional de C\u00f3digo Aberto para Projeto de H\u00e9lices no \u00c2mbito do Projeto MAAT<\/em><br data-start=\"1540\" data-end=\"1543\"><em data-start=\"1546\" data-end=\"1553\">Year:<\/em> 2016 | <a href=\"http:\/\/hdl.handle.net\/10400.6\/4184\" target=\"_new\" rel=\"noopener\" data-start=\"1561\" data-end=\"1608\">Full Text<\/a><\/p>\n<\/li>\n<li data-start=\"1612\" data-end=\"1806\">\n<p data-start=\"1615\" data-end=\"1806\"><strong data-start=\"1615\" data-end=\"1642\">Rui Vizinho de Oliveira<\/strong><br data-start=\"1642\" data-end=\"1645\"><em data-start=\"1648\" data-end=\"1736\">Development of Computational Methodologies for Turbulence Transitional Flow Prediction<\/em><br data-start=\"1736\" data-end=\"1739\"><em data-start=\"1742\" data-end=\"1749\">Year:<\/em> 2016 | <a href=\"http:\/\/hdl.handle.net\/10400.6\/4186\" target=\"_new\" rel=\"noopener\" data-start=\"1757\" data-end=\"1804\">Full Text<\/a><\/p>\n<\/li>\n<li data-start=\"1808\" data-end=\"2040\">\n<p data-start=\"1811\" data-end=\"2040\"><strong data-start=\"1811\" data-end=\"1851\">Mohammadmahdi Abdollahzadehsangroudi<\/strong><br data-start=\"1851\" data-end=\"1854\"><em data-start=\"1857\" data-end=\"1985\">Analysis and Development of Numerical Methodologies for Simulation of Flow Control with Dielectric Barrier Discharge Actuators<\/em><br data-start=\"1985\" data-end=\"1988\"><em data-start=\"1546\" data-end=\"1553\">Year:<\/em> 2015| <a href=\"http:\/\/hdl.handle.net\/10400.6\/4238\" target=\"_new\" rel=\"noopener\" data-start=\"1991\" data-end=\"2038\">Full Text<\/a><\/p>\n<\/li>\n<li data-start=\"2042\" data-end=\"2313\">\n<p data-start=\"2046\" data-end=\"2313\"><strong data-start=\"2046\" data-end=\"2078\">Carlos Manuel Cipriano Xisto<\/strong><br data-start=\"2078\" data-end=\"2081\"><em data-start=\"2085\" data-end=\"2242\">M\u00e9todos Num\u00e9ricos para a Din\u00e2mica de Gases e Escoamentos Magnetohidrodin\u00e2micos a N\u00fameros de Mach Arbitr\u00e1rios: Aplica\u00e7\u00f5es em Tubeiras Magnetoplasmadin\u00e2micas<\/em><br data-start=\"2242\" data-end=\"2245\"><em data-start=\"2249\" data-end=\"2256\">Year:<\/em> 2014 | <a href=\"http:\/\/hdl.handle.net\/10400.6\/3424\" target=\"_new\" rel=\"noopener\" data-start=\"2264\" data-end=\"2311\">Full Text<\/a><\/p>\n<\/li>\n<\/ol>\n<hr data-start=\"2315\" data-end=\"2320\">\n<h2 data-start=\"2322\" data-end=\"2353\"><strong data-start=\"2325\" data-end=\"2351\">Master\u2019s Dissertations<\/strong><\/h2>\n<ol data-start=\"2355\" data-end=\"4036\">\n<li data-start=\"2355\" data-end=\"2587\">\n<p data-start=\"2358\" data-end=\"2587\"><strong data-start=\"2358\" data-end=\"2388\">Leonardo Alberto Mbanguine<\/strong><br data-start=\"2388\" data-end=\"2391\"><em data-start=\"2394\" data-end=\"2560\">Desenvolvimento e An\u00e1lise Experimental de Atuadores a Plasma Baseados em Pol\u00edmeros Eletroativos para Controlo Ativo de Escoamentos e Mitiga\u00e7\u00e3o de Acumula\u00e7\u00e3o de Gelo<\/em><br data-start=\"2853\" data-end=\"2856\"><em data-start=\"2859\" data-end=\"2866\">Year:<\/em> 2024<\/p>\n<\/li>\n<li data-start=\"2589\" data-end=\"2732\">\n<p data-start=\"2592\" data-end=\"2732\"><strong data-start=\"2592\" data-end=\"2610\">Edson Mauro Cupertino da Concei\u00e7\u00e3o<\/strong><br data-start=\"2610\" data-end=\"2613\"><em data-start=\"2616\" data-end=\"2705\">Efeitos do Escoamento de Transi\u00e7\u00e3o no Desempenho de uma Bomba de Disco<\/em><br data-start=\"2853\" data-end=\"2856\"><em data-start=\"2859\" data-end=\"2866\">Year:<\/em> 2023 | <a href=\"http:\/\/hdl.handle.net\/10400.6\/14251\" target=\"_new\" rel=\"noopener\" data-start=\"2874\" data-end=\"2921\">Full Text<\/a><\/p>\n<\/li>\n<li data-start=\"2589\" data-end=\"2732\">\n<p data-start=\"2592\" data-end=\"2732\"><strong data-start=\"2592\" data-end=\"2610\">Miguel Andr\u00e9 Barbosa Moreira <\/strong><br data-start=\"2610\" data-end=\"2613\"><em data-start=\"2616\" data-end=\"2705\">Estudo sobre Atuadores a Plasma Usando a T\u00e9cnica Schlieren Orientado para o Fundo (BOS)<\/em><br data-start=\"2853\" data-end=\"2856\"><em data-start=\"2859\" data-end=\"2866\">Year:<\/em> 2022 | <a href=\"http:\/\/hdl.handle.net\/10400.6\/13082\" target=\"_new\" rel=\"noopener\" data-start=\"2874\" data-end=\"2921\">Full Text<\/a><\/p>\n<\/li>\n<li data-start=\"2589\" data-end=\"2732\">\n<p data-start=\"2592\" data-end=\"2732\"><strong data-start=\"2592\" data-end=\"2610\">Filipe Miguel Antunes Sabugueiro<\/strong><br data-start=\"2610\" data-end=\"2613\"><em data-start=\"2616\" data-end=\"2705\">Implementa\u00e7\u00e3o de uma instala\u00e7\u00e3o experimental para o estudo do cone de Taylor<\/em><br data-start=\"2853\" data-end=\"2856\"><em data-start=\"2859\" data-end=\"2866\">Year:<\/em> 2021 | <a href=\"http:\/\/hdl.handle.net\/10400.6\/11882\" target=\"_new\" rel=\"noopener\" data-start=\"2874\" data-end=\"2921\">Full Text<\/a><\/p>\n<\/li>\n<li data-start=\"2589\" data-end=\"2732\">\n<p data-start=\"2592\" data-end=\"2732\"><strong data-start=\"2592\" data-end=\"2610\">S\u00edlvio Miguel Rodrigues C\u00e2ndido <\/strong><br data-start=\"2610\" data-end=\"2613\"><em data-start=\"2616\" data-end=\"2705\">Estudos sobre a Uniformiza\u00e7\u00e3o do Escoamento em C\u00e2maras de Mistura usando CFD: An\u00e1lise da c\u00e2mara da experi\u00eancia CLOUD no CERN<\/em><br data-start=\"2853\" data-end=\"2856\"><em data-start=\"2859\" data-end=\"2866\">Year:<\/em> 2019 | <a href=\"http:\/\/hdl.handle.net\/10400.6\/10068\" target=\"_new\" rel=\"noopener\" data-start=\"2874\" data-end=\"2921\">Full Text<\/a><\/p>\n<\/li>\n<li data-start=\"2589\" data-end=\"2732\">\n<p data-start=\"2592\" data-end=\"2732\"><strong data-start=\"2592\" data-end=\"2610\">Gustavo Filipe Almeida Ribeiro<\/strong><br data-start=\"2610\" data-end=\"2613\"><em data-start=\"2616\" data-end=\"2705\">\tModela\u00e7\u00e3o de sistemas de propuls\u00e3o para CubeSats<\/em><br data-start=\"2853\" data-end=\"2856\"><em data-start=\"2859\" data-end=\"2866\">Year:<\/em> 2019 | <a href=\"http:\/\/hdl.handle.net\/10400.6\/8951\" target=\"_new\" rel=\"noopener\" data-start=\"2874\" data-end=\"2921\">Full Text<\/a><\/p>\n<\/li>\n<li data-start=\"2589\" data-end=\"2732\">\n<p data-start=\"2592\" data-end=\"2732\"><strong data-start=\"2592\" data-end=\"2610\">Guilherme Filipe Tom\u00e9 Pereira Santos <\/strong><br data-start=\"2610\" data-end=\"2613\"><em data-start=\"2616\" data-end=\"2705\">Uma abordagem experimental ao vento i\u00f3nico gerado por um atuador a plasma<\/em><br data-start=\"2853\" data-end=\"2856\"><em data-start=\"2859\" data-end=\"2866\">Year:<\/em> 2018 | <a href=\"http:\/\/hdl.handle.net\/10400.6\/9909\" target=\"_new\" rel=\"noopener\" data-start=\"2874\" data-end=\"2921\">Full Text<\/a><\/p>\n<\/li>\n<li data-start=\"2734\" data-end=\"2923\">\n<p data-start=\"2737\" data-end=\"2923\"><strong data-start=\"2737\" data-end=\"2771\">Filipe Alexandre Pinheiro Dias<\/strong><br data-start=\"2771\" data-end=\"2774\"><em data-start=\"2777\" data-end=\"2853\">Modela\u00e7\u00e3o Num\u00e9rica de Escoamento MHD em Ve\u00edculos de Reentrada na Atmosfera<\/em><br data-start=\"2853\" data-end=\"2856\"><em data-start=\"2859\" data-end=\"2866\">Year:<\/em> 2016 | <a href=\"http:\/\/hdl.handle.net\/10400.6\/5874\" target=\"_new\" rel=\"noopener\" data-start=\"2874\" data-end=\"2921\">Full Text<\/a><\/p>\n<\/li>\n<li data-start=\"2925\" data-end=\"3124\">\n<p data-start=\"2928\" data-end=\"3124\"><strong data-start=\"2928\" data-end=\"2961\">Serafim Daniel da Costa Pinto<\/strong><br data-start=\"2961\" data-end=\"2964\"><em data-start=\"2967\" data-end=\"3054\">Geometrias de Revestimentos para Redu\u00e7\u00e3o do Consumo de Energia em Ve\u00edculos Autom\u00f3veis<\/em><br data-start=\"3054\" data-end=\"3057\"><em data-start=\"3060\" data-end=\"3067\">Year:<\/em> 2015 | <a href=\"http:\/\/hdl.handle.net\/10400.6\/5971\" target=\"_new\" rel=\"noopener\" data-start=\"3075\" data-end=\"3122\">Full Text<\/a><\/p>\n<\/li>\n<li data-start=\"3126\" data-end=\"3370\">\n<p data-start=\"3129\" data-end=\"3370\"><strong data-start=\"3129\" data-end=\"3166\">Frederico Miguel Freire Rodrigues<\/strong><br data-start=\"3166\" data-end=\"3169\"><em data-start=\"3172\" data-end=\"3300\">Desenvolvimento de uma Instala\u00e7\u00e3o Experimental e Sistema PIV para o Ensaio de Tubeiras de Efeito Coanda com Atuadores a Plasma<\/em><br data-start=\"3300\" data-end=\"3303\"><em data-start=\"3306\" data-end=\"3313\">Year:<\/em> 2014 | <a href=\"http:\/\/hdl.handle.net\/10400.6\/6030\" target=\"_new\" rel=\"noopener\" data-start=\"3321\" data-end=\"3368\">Full Text<\/a><\/p>\n<\/li>\n<li data-start=\"3592\" data-end=\"3797\">\n<p data-start=\"3595\" data-end=\"3797\"><strong data-start=\"3595\" data-end=\"3623\">Nelson Andr\u00e9 Mota Mendes<\/strong><br data-start=\"3623\" data-end=\"3626\"><em data-start=\"3629\" data-end=\"3727\">Modela\u00e7\u00e3o Num\u00e9rica da Aerodin\u00e2mica de um Ve\u00edculo de Alto Desempenho e o seu Ensaio Real em Pista<\/em><br data-start=\"3727\" data-end=\"3730\"><em data-start=\"3733\" data-end=\"3740\">Year:<\/em> 2011 | <a href=\"http:\/\/hdl.handle.net\/10400.6\/3802\" target=\"_new\" rel=\"noopener\" data-start=\"3748\" data-end=\"3795\">Full Text<\/a><\/p>\n<\/li>\n<li data-start=\"3372\" data-end=\"3590\">\n<p data-start=\"3375\" data-end=\"3590\"><strong data-start=\"3375\" data-end=\"3410\">Marco David Can\u00e1rio de Oliveira<\/strong><br data-start=\"3410\" data-end=\"3413\"><em data-start=\"3416\" data-end=\"3520\">Estudo Anal\u00edtico, Concep\u00e7\u00e3o e Ensaio Experimental de uma Bomba de Discos para Baixo N\u00famero de Reynolds<\/em><br data-start=\"3520\" data-end=\"3523\"><em data-start=\"3526\" data-end=\"3533\">Year:<\/em> 2009 | <a href=\"http:\/\/hdl.handle.net\/10400.6\/3561\" target=\"_new\" rel=\"noopener\" data-start=\"3541\" data-end=\"3588\">Full Text<\/a><\/p>\n<\/li>\n<li data-start=\"3799\" data-end=\"4036\">\n<p data-start=\"3802\" data-end=\"4036\"><strong data-start=\"3802\" data-end=\"3834\">Carlos Manuel Cipriano Xisto<\/strong><br data-start=\"3834\" data-end=\"3837\"><em data-start=\"3840\" data-end=\"3966\">Estudo da F\u00edsica do Escoamento Secund\u00e1rio e Modela\u00e7\u00e3o Computacional do Escoamento Turbulento 3D em Coroas de P\u00e1s de Turbinas<\/em><br data-start=\"3966\" data-end=\"3969\"><em data-start=\"3972\" data-end=\"3979\">Year:<\/em> 2009 | <a href=\"http:\/\/hdl.handle.net\/10400.6\/3790\" target=\"_new\" rel=\"noopener\" data-start=\"3987\" data-end=\"4034\">Full Text<\/a><\/p>\n<\/li>\n<\/ol>\n","protected":false},"excerpt":{"rendered":"<p>PhD Theses Kateryna ShvydyukSelf-Sensing and Self-Healing Ceramic Composites Using Functionally Graded Materials and Additive Manufacturing Technologies for Thermal Barrier Coatings<\/p>\n","protected":false},"author":3,"featured_media":0,"parent":0,"menu_order":0,"comment_status":"closed","ping_status":"closed","template":"","meta":[],"_links":{"self":[{"href":"https:\/\/clusterdem.ubi.pt\/index.php?rest_route=\/wp\/v2\/pages\/2702"}],"collection":[{"href":"https:\/\/clusterdem.ubi.pt\/index.php?rest_route=\/wp\/v2\/pages"}],"about":[{"href":"https:\/\/clusterdem.ubi.pt\/index.php?rest_route=\/wp\/v2\/types\/page"}],"author":[{"embeddable":true,"href":"https:\/\/clusterdem.ubi.pt\/index.php?rest_route=\/wp\/v2\/users\/3"}],"replies":[{"embeddable":true,"href":"https:\/\/clusterdem.ubi.pt\/index.php?rest_route=%2Fwp%2Fv2%2Fcomments&post=2702"}],"version-history":[{"count":35,"href":"https:\/\/clusterdem.ubi.pt\/index.php?rest_route=\/wp\/v2\/pages\/2702\/revisions"}],"predecessor-version":[{"id":2760,"href":"https:\/\/clusterdem.ubi.pt\/index.php?rest_route=\/wp\/v2\/pages\/2702\/revisions\/2760"}],"wp:attachment":[{"href":"https:\/\/clusterdem.ubi.pt\/index.php?rest_route=%2Fwp%2Fv2%2Fmedia&parent=2702"}],"curies":[{"name":"wp","href":"https:\/\/api.w.org\/{rel}","templated":true}]}}